{"id":3101,"date":"2025-12-22T19:31:08","date_gmt":"2025-12-22T19:31:08","guid":{"rendered":"https:\/\/www.lamime.es\/?page_id=3101"},"modified":"2025-12-22T19:33:23","modified_gmt":"2025-12-22T19:33:23","slug":"condiciones-de-compra","status":"publish","type":"page","link":"https:\/\/www.lamime.es\/index.php\/condiciones-de-compra\/","title":{"rendered":"Condiciones de compra"},"content":{"rendered":"\t\t<div data-elementor-type=\"wp-page\" data-elementor-id=\"3101\" class=\"elementor elementor-3101\" data-elementor-post-type=\"page\">\n\t\t\t\t<div class=\"elementor-element elementor-element-68c7b0e1 e-flex e-con-boxed e-con e-parent\" data-id=\"68c7b0e1\" data-element_type=\"container\">\n\t\t\t\t\t<div class=\"e-con-inner\">\n\t\t\t\t<div class=\"elementor-element elementor-element-67d5ff95 elementor-widget elementor-widget-heading\" data-id=\"67d5ff95\" data-element_type=\"widget\" data-widget_type=\"heading.default\">\n\t\t\t\t\t<h2 class=\"elementor-heading-title elementor-size-default\">Condiciones de compra<\/h2>\t\t\t\t<\/div>\n\t\t\t\t\t<\/div>\n\t\t\t\t<\/div>\n\t\t<div class=\"elementor-element elementor-element-1c726628 e-flex e-con-boxed e-con e-parent\" data-id=\"1c726628\" data-element_type=\"container\">\n\t\t\t\t\t<div class=\"e-con-inner\">\n\t\t\t\t<div class=\"elementor-element elementor-element-22552bb5 elementor-widget elementor-widget-text-editor\" data-id=\"22552bb5\" data-element_type=\"widget\" data-widget_type=\"text-editor.default\">\n\t\t\t\t\t\t\t\t\t<h1><span style=\"font-size: 40px; color: #000000;\">PRECIOS<\/span><\/h1>\n<p><span style=\"color: #000000;\">Los precios de nuestro sitio web se muestran en euros. De acuerdo a la legislaci\u00f3n vigente, toda compra hecha desde nuestro sitio web estar\u00e1 sujeta al Impuesto sobre el Valor A\u00f1adido (IVA). Seg\u00fan la normativa espa\u00f1ola, estamos obligados a emitir factura para pedidos superiores a 3.000 \u20ac (IVA incluido). Los gastos de env\u00edo ser\u00e1n a\u00f1adidos en el resumen de la compra, antes de efectuar el pago.<\/span><\/p>\n<p><span style=\"color: #000000;\">La MiM\u00e9 se reserva el derecho de modificar los precios que se muestran en el sitio sin previo aviso. El precio de los productos ser\u00e1 el que se estipule en cada momento en nuestro sitio web, salvo en caso de error manifiesto. A pesar de que intentamos asegurarnos de que todos los precios que figuran en la p\u00e1gina son correctos, pueden producirse errores. Si descubri\u00e9semos un error en el precio de los productos que Usted ha encargado, le informaremos lo antes posible y le daremos la opci\u00f3n de reconfirmar su pedido al precio correcto o bien anularlo. Si no logramos ponernos en contacto con Usted, el pedido se considerar\u00e1 cancelado y se le reembolsar\u00e1n \u00edntegramente las cantidades que hubiesen sido abonadas. No estaremos obligados a suministrarle el\/los producto\/s al precio inferior incorrecto (incluso aunque le hayamos enviado la Confirmaci\u00f3n de Env\u00edo) si el error en el precio es obvio e inequ\u00edvoco y hubiera podido ser reconocido de forma razonable por Usted como precio incorrecto. Quedan a salvo los derechos reconocidos por la legislaci\u00f3n vigente.<\/span><\/p>\n<h2>&nbsp;<\/h2>\n<h2><span style=\"color: #000000;\">DISPONIBILIDAD DE PRODUCTOS<\/span><\/h2>\n<p><span style=\"color: #000000;\">En nuestra tienda est\u00e1n disponibles multitud de productos, adem\u00e1s de gran variedad de productos que se realizan bajo pedido, debido a las caracter\u00edsticas de los mismos, se requiere de un plazo de antelaci\u00f3n de entre 24 y 48 horas.<\/span><\/p>\n<p><span style=\"color: #000000;\">Hay que tener en cuenta que, dada su naturaleza artesana, muchos de nuestros productos tienen una producci\u00f3n limitada. En el caso de que se agoten las existencias de un producto en el momento de realizar su pedido y no hayamos podido actualizar esta informaci\u00f3n en la tienda, contactaremos inmediatamente para proponerle un producto de caracter\u00edsticas y precio similares o reembolsarte la cantidad correspondiente.<\/span><\/p><p><span style=\"color: #000000;\"><br><\/span><\/p>\n<p><\/p>\n<h2><span style=\"color: #000000;\">TRANSPORTE<\/span><\/h2>\n<p><span style=\"color: #000000;\">A d\u00eda de hoy, La MiM\u00e9 solo distribuye a ciertas zonas de la Comunidad de Madrid, para ver si distribuimos en su localidad, lo mejor ser\u00e1 que usted introduzca su c\u00f3digo postal antes de terminar el pedido. Siempre tendr\u00e1 a su disposici\u00f3n la \u201cRecogida en Tienda\u201d.<\/span><\/p>\n<p><span style=\"color: #000000;\">La MiM\u00e9 se compromete a enviar su pedido para el mismo d\u00eda, siempre que se haya realizado antes de las 13:00 h.<\/span><\/p>\n<p><span style=\"color: #000000;\">Si su pedido es urgente, por favor p\u00f3ngase en contacto con nosotros en la direcci\u00f3n&nbsp;<a style=\"color: #000000;\" href=\"mailto:pedidos@lamime.es\">pedidos@lamime.es<\/a><\/span><\/p><p><br><\/p>\n<p><\/p>\n<h2><span style=\"color: #000000;\">CAMBIOS Y DEVOLUCIONES<\/span><\/h2>\n<p><span style=\"color: #000000;\">Si por cualquier raz\u00f3n no queda satisfecho\/a con su compra contacte por e-mail en&nbsp;<a style=\"color: #000000;\" href=\"mailto:pedidos@lamime.es\">pedidos@lamime.es<\/a>&nbsp;en un plazo m\u00e1ximo de 2 d\u00edas laborales desde la recepci\u00f3n del pedido, indic\u00e1ndonos claramente cual es el problema. Para cambios y devoluciones debe llevar su pedido y factura a la tienda m\u00e1s cercana y le daremos la soluci\u00f3n que necesite. No aceptaremos cambios o devoluciones si previamente no hemos recibido notificaci\u00f3n.<\/span><\/p>\n<h2>&nbsp;<\/h2>\n<h2><span style=\"color: #000000;\">CANCELACIONES<\/span><\/h2>\n<p><span style=\"color: #000000;\">El plazo m\u00e1ximo para cancelar un pedido es de 24 horas antes de la fecha de entrega.<\/span><\/p>\n<h2>&nbsp;<\/h2>\n<h2><span style=\"color: #000000;\">SEGURIDAD EN LOS PAGOS CON TARJETA<\/span><\/h2>\n<p><span style=\"color: #000000;\">La MiM\u00e9 acepta pagos con tarjeta de cr\u00e9dito o d\u00e9bito (Visa, Visa Electr\u00f3n, Mastercard y Maestro). Para proteger la seguridad en el pago mediante tarjeta de cr\u00e9dito o d\u00e9bito, utilizamos sistemas de pago seguras. Los datos confidenciales del pago son transmitidos directamente y de forma encriptada (SSL) a la entidad financiera. Al hacer el pago a trav\u00e9s de pasarela de pago segura, el sistema verificar\u00e1 autom\u00e1ticamente que la tarjeta de cr\u00e9dito est\u00e1 activada para el Comercio Electr\u00f3nico Seguro. Despu\u00e9s conectar\u00e1 con el banco emisor de la misma, el cual solicitar\u00e1 la autenticaci\u00f3n y la autorizaci\u00f3n de la operaci\u00f3n.<\/span><\/p>\n<p><span style=\"color: #000000;\">Los pagos con tarjeta podr\u00e1n utilizarse para cualquier tipo de entrega, ya sea en domicilio o recogida en tienda.<\/span><\/p>\n<h2>&nbsp;<\/h2>\n<h2><span style=\"color: #000000;\">COMPROBACI\u00d3N DE DATOS PERSONALES<\/span><\/h2>\n<p><span style=\"color: #000000;\">La MiM\u00e9 se reserva el derecho de contactar a sus clientes y\/o efectuar determinadas comprobaciones cuando lo considere oportuno, con la finalidad de garantizar la autenticidad de los datos personales facilitados.<\/span><\/p>\t\t\t\t\t\t\t\t<\/div>\n\t\t\t\t\t<\/div>\n\t\t\t\t<\/div>\n\t\t\t\t<\/div>\n\t\t","protected":false},"excerpt":{"rendered":"<p>Condiciones de compra PRECIOS Los precios de nuestro sitio web se muestran en euros. De acuerdo a la legislaci\u00f3n vigente, toda compra hecha desde nuestro sitio web estar\u00e1 sujeta al Impuesto sobre el Valor A\u00f1adido (IVA). Seg\u00fan la normativa espa\u00f1ola, estamos obligados a emitir factura para pedidos superiores a 3.000 \u20ac (IVA incluido). Los gastos [&hellip;]<\/p>\n","protected":false},"author":1,"featured_media":0,"parent":0,"menu_order":0,"comment_status":"closed","ping_status":"closed","template":"","meta":{"footnotes":""},"class_list":["post-3101","page","type-page","status-publish","hentry"],"_links":{"self":[{"href":"https:\/\/www.lamime.es\/index.php\/wp-json\/wp\/v2\/pages\/3101","targetHints":{"allow":["GET"]}}],"collection":[{"href":"https:\/\/www.lamime.es\/index.php\/wp-json\/wp\/v2\/pages"}],"about":[{"href":"https:\/\/www.lamime.es\/index.php\/wp-json\/wp\/v2\/types\/page"}],"author":[{"embeddable":true,"href":"https:\/\/www.lamime.es\/index.php\/wp-json\/wp\/v2\/users\/1"}],"replies":[{"embeddable":true,"href":"https:\/\/www.lamime.es\/index.php\/wp-json\/wp\/v2\/comments?post=3101"}],"version-history":[{"count":5,"href":"https:\/\/www.lamime.es\/index.php\/wp-json\/wp\/v2\/pages\/3101\/revisions"}],"predecessor-version":[{"id":3113,"href":"https:\/\/www.lamime.es\/index.php\/wp-json\/wp\/v2\/pages\/3101\/revisions\/3113"}],"wp:attachment":[{"href":"https:\/\/www.lamime.es\/index.php\/wp-json\/wp\/v2\/media?parent=3101"}],"curies":[{"name":"wp","href":"https:\/\/api.w.org\/{rel}","templated":true}]}}